{"id":32,"date":"2019-11-14T23:14:50","date_gmt":"2019-11-14T21:14:50","guid":{"rendered":"https:\/\/www.marieanne.at\/wordpress\/?page_id=32"},"modified":"2020-05-24T18:08:02","modified_gmt":"2020-05-24T16:08:02","slug":"datenschutz","status":"publish","type":"page","link":"https:\/\/www.marieanne.at\/wordpress\/datenschutz\/","title":{"rendered":"Datenschutz"},"content":{"rendered":"\n\t<header>\n<h1>Datenschutzerkl\u00e4rung<\/h1>\n<\/header>\n<section tabindex=\"-1\">\n<h3>Allgemeines<\/h3>\n<p>Der Schutz Ihrer pers\u00f6nlichen Daten ist uns ein besonderes Anliegen. Wir verarbeiten Ihre Daten daher ausschlie\u00dflich auf Grundlage der gesetzlichen Bestimmungen (DSGVO, TKG 2003). In diesen Datenschutzinformationen informieren wir Sie \u00fcber die wichtigsten Aspekte der Datenverarbeitung im Rahmen unserer Website. Um Sie in vollem Umfang \u00fcber die Verwendung personenbezogener Daten zu informieren, bitten wir Sie die folgenden Datenschutzhinweise zur Kenntnis zu nehmen.<\/p>\n<h3>Kontakt mit mir<\/h3>\n<p>Wenn Sie per E-Mail Kontakt mit mir aufnehmen, werden Ihre angegebenen Daten zwecks Bearbeitung der Anfrage und f\u00fcr den Fall von Anschlussfragen sechs Monate bei uns gespeichert. Diese Daten gebe ich nicht ohne Ihre Einwilligung weiter.<\/p>\n<h3>Terminvereinbarung<\/h3>\n<p>Wenn Sie eine Terminanfrage stellen, werden Ihre Angaben aus der Email inklusive der von Ihnen dort angegebenen Kontaktdaten zwecks Vereinbarung eines Termins und fu\u0308r den Fall von Anschlussfragen bei uns gespeichert.\u200b Diese Daten gebe ich nicht ohne Ihre Einwilligung weiter.<\/p>\n<h3>Cookies<\/h3>\n<p>Auf unserer Website verwenden wir sog. Cookies. Dabei handelt es sich um kleine Textdateien, die \u00fcber einen Webserver an Ihren Browser \u00fcbertragen werden. Die in Cookies gespeicherten Informationen helfen uns dabei, die Nutzung unserer Website auf individuelle Bed\u00fcrfnisse abzustimmen und unser Angebot laufend zu verbessern. Personenbezogene Daten speichern wir niemals ohne Ihr Einverst\u00e4ndnis. Cookies richten auf Ihrem Rechner keinen Schaden an und enthalten auch keine Viren. Ein Hinweisbanner am unteren Rand unserer Website weist auf die Verwendung von Cookies hin. Mit einem Klick auf den Link \u201eVerstanden\u201c best\u00e4tigen Sie die Kenntnisnahme bzgl. der Verwendung von Cookies auf unserer Website. Die G\u00fcltigkeit dieser Cookie-Best\u00e4tigung ist auf 365 Tage festgelegt und wird beim erneutem Besuch unserer Website innerhalb dieser Zeit nicht mehr angezeigt (au\u00dfer, der Cookie wurde bis dahin von Ihnen gel\u00f6scht oder die Seite wird mit einem anderen Browser aufgerufen).<\/p>\nFunktionseinschr\u00e4nkungen ohne Cookies:<br \/>\nWenn Sie die Nutzung von Cookies generell einschr\u00e4nken oder unterbinden, werden gewisse Bereiche und Dienste unserer Website m\u00f6glicherweise nicht wie erwartet funktionieren. Cookies, die sich bereits auf Ihrem Computer befinden, k\u00f6nnen \u00fcber die Einstellungen Ihres Browsers jederzeit wieder gel\u00f6scht werden. Die Vorgehensweise dazu ist je nach Browser unterschiedlich. Informationen dazu und weitere Optionen bzgl. Cookies finden Sie auf den Seiten der jeweiligen Browseranbieter: <a href=\"https:\/\/support.mozilla.org\/en-US\/kb\/enable-and-disable-cookies-website-preferences\" target=\"_blank\" rel=\"noopener noreferrer\">Firefox<\/a>, <a href=\"http:\/\/windows.microsoft.com\/en-US\/windows7\/How-to-manage-cookies-in-Internet-Explorer-9\" target=\"_blank\" rel=\"noopener noreferrer\">Internet Explorer<\/a>, <a href=\"https:\/\/support.google.com\/chrome\/answer\/95647?hl=en-GB&amp;p=cpn_cookies\" target=\"_blank\" rel=\"noopener noreferrer\">Chrome<\/a>, <a href=\"https:\/\/support.apple.com\/kb\/PH5042?locale=en_US\" target=\"_blank\" rel=\"noopener noreferrer\">Safari<\/a>, <a href=\"http:\/\/www.opera.com\/help\/tutorials\/security\/cookies\/\" target=\"_blank\" rel=\"noopener noreferrer\">Opera<\/a>.\n<h3>Server-Log-Files<\/h3>\n<p>Unsere Seite erhebt und speichert Informationen in Server-Log Files, die Ihr Browser automatisch an uns \u00fcbermittelt. Dies sind: Browsertyp und Browserversion, verwendetes Betriebssystem, Referrer URL, Hostname des zugreifenden Rechners, Uhrzeit der Serveranfrage. Diese Daten sind nicht bestimmten Personen zuordenbar. Eine Zusammenf\u00fchrung dieser Daten mit anderen Datenquellen wird nicht vorgenommen. Wir behalten uns vor, diese Daten nachtr\u00e4glich zu pr\u00fcfen, wenn uns konkrete Anhaltspunkte f\u00fcr eine rechtswidrige Nutzung bekannt werden.<\/p>\n<h3>Google Maps<\/h3>\n<p>Diese Webseite verwendet Google Maps f\u00fcr die Darstellung von Karteninformationen. Bei der Nutzung von Google Maps werden von Google auch Daten \u00fcber die Nutzung der Maps-Funktionen durch Besucher der Webseiten erhoben, verarbeitet und genutzt. N\u00e4here Informationen \u00fcber die Datenverarbeitung durch Google k\u00f6nnen Sie den Datenschutzhinweisen von Google auf <a href=\"https:\/\/www.google.at\/intl\/de\/policies\/privacy\/\" target=\"_blank\" rel=\"noopener noreferrer\">https:\/\/www.google.at\/intl\/de\/policies\/privacy\/<\/a> entnehmen. Dort k\u00f6nnen Sie im Datenschutzcenter auch Ihre Einstellungen ver\u00e4ndern, so dass Sie Ihre Daten verwalten und sch\u00fctzen k\u00f6nnen.<\/p>\n<\/section>\n<h3>Google Fonts<\/h3>\n<p>Zur einheitlichen Darstellung von Textinhalten, verwenden wir auf unserer Website Google Fonts, einen Dienst von Google Inc. (\u201cGoogle\u201d). \u00dcblicherweise erfolgt diese Einbindung durch einen externen Serveraufruf bei Google in den USA, wobei davon auszugehen ist, dass dabei auch noch weitreichendere Informationen \u2013 beispielsweise IP-Adressen \u2013 erfasst, gespeichert und analysiert werden. Aus Datenschutzgr\u00fcnden verzichten wir daher auf eine solche Direkteinbindung und stellen diese Schriften lokal \u00fcber den von uns verwendeten Web-Server bereit. Falls Ihr Browser Web Fonts nicht unterst\u00fctzt, wird automatisch eine der Standardschriften Ihres Computers genutzt.<\/p>\n<section tabindex=\"-1\">\n<h3>SSL-Verschlu\u0308sselung<\/h3>\nDiese Seite nutzt aus Gru\u0308nden der Sicherheit und zum Schutz der U\u0308bertragung vertraulicher Inhalte, wie zum Beispiel der Anfragen, die Sie an uns als Seitenbetreiber senden, eine SSL-Verschlu\u0308sselung. Eine verschlu\u0308sselte Verbindung erkennen Sie daran, dass die Adresszeile des Browsers von \u201chttp:\/\/\u201d auf \u201chttps:\/\/\u201d wechselt und an dem Schloss-Symbol in Ihrer Browserzeile.<br \/>\nWenn die SSL Verschlu\u0308sselung aktiviert ist, ko\u0308nnen die Daten, die Sie an uns u\u0308bermitteln, nicht von Dritten mitgelesen werden.\n<h3>Ihre Rechte<\/h3>\n<p>Ihnen stehen grunds\u00e4tzlich die Rechte auf Auskunft, Berichtigung, L\u00f6schung, Einschr\u00e4nkung, Daten\u00fcbertragbarkeit und Widerspruch zu. Hierzu sowie zu weiteren Fragen zum Thema personenbezogene Daten ko\u0308nnen Sie sich jederzeit unter der im Impressum angegebenen Adresse an uns wenden. Wenn Sie glauben, dass die Verarbeitung Ihrer Daten gegen das Datenschutzrecht verst\u00f6\u00dft oder Ihre datenschutzrechtlichen Anspr\u00fcche sonst in einer Weise verletzt worden sind, k\u00f6nnen Sie sich bei der Aufsichtsbeh\u00f6rde beschweren. In \u00d6sterreich ist die <a href=\"http:\/\/dsb.gv.at\/\" target=\"_blank\" rel=\"noopener noreferrer\">Datenschutzbeh\u00f6rde<\/a> zust\u00e4ndig. Bei weiteren Fragen kontaktieren Sie mich bitte!<\/p>\n<h3>Sie erreichen mich unter folgenden Kontaktdaten:<\/h3>\n<\/section>\nMarianne Lindlbauer<br \/>\nIm Gew\u00f6lbe<br \/>\nBr\u00e4uergasse 3<br \/>\n4470 Enns<br \/>\n0650\/93 74 360<br \/>\n<a href=\"mailto:hilfe@marieanne.at\">hilfe@marieanne.at<\/a>\n<p>&nbsp;<\/p>\n<p>&nbsp;<\/p>\n","protected":false},"excerpt":{"rendered":"<p>Datenschutzerkl\u00e4rung Allgemeines Der Schutz Ihrer pers\u00f6nlichen Daten ist uns ein besonderes Anliegen. Wir verarbeiten Ihre Daten daher ausschlie\u00dflich auf Grundlage der gesetzlichen Bestimmungen (DSGVO, TKG 2003). In diesen Datenschutzinformationen informieren wir Sie \u00fcber die wichtigsten Aspekte der Datenverarbeitung im Rahmen unserer Website. Um Sie in vollem Umfang \u00fcber die Verwendung personenbezogener Daten zu informieren, bitten&hellip;<\/p>\n","protected":false},"author":2,"featured_media":0,"parent":0,"menu_order":0,"comment_status":"closed","ping_status":"closed","template":"","meta":{"footnotes":""},"class_list":["post-32","page","type-page","status-publish","hentry"],"_links":{"self":[{"href":"https:\/\/www.marieanne.at\/wordpress\/wp-json\/wp\/v2\/pages\/32","targetHints":{"allow":["GET"]}}],"collection":[{"href":"https:\/\/www.marieanne.at\/wordpress\/wp-json\/wp\/v2\/pages"}],"about":[{"href":"https:\/\/www.marieanne.at\/wordpress\/wp-json\/wp\/v2\/types\/page"}],"author":[{"embeddable":true,"href":"https:\/\/www.marieanne.at\/wordpress\/wp-json\/wp\/v2\/users\/2"}],"replies":[{"embeddable":true,"href":"https:\/\/www.marieanne.at\/wordpress\/wp-json\/wp\/v2\/comments?post=32"}],"version-history":[{"count":6,"href":"https:\/\/www.marieanne.at\/wordpress\/wp-json\/wp\/v2\/pages\/32\/revisions"}],"predecessor-version":[{"id":335,"href":"https:\/\/www.marieanne.at\/wordpress\/wp-json\/wp\/v2\/pages\/32\/revisions\/335"}],"wp:attachment":[{"href":"https:\/\/www.marieanne.at\/wordpress\/wp-json\/wp\/v2\/media?parent=32"}],"curies":[{"name":"wp","href":"https:\/\/api.w.org\/{rel}","templated":true}]}}