{"id":3,"date":"2019-07-08T22:36:05","date_gmt":"2019-07-08T20:36:05","guid":{"rendered":"http:\/\/www.marieanne.at\/wordpress\/?page_id=3"},"modified":"2020-01-11T22:31:46","modified_gmt":"2020-01-11T20:31:46","slug":"impressum","status":"publish","type":"page","link":"https:\/\/www.marieanne.at\/wordpress\/impressum\/","title":{"rendered":"Impressum"},"content":{"rendered":"\n\t<h3>Impressum<br \/>\nInformationspflichten des E-Commerce-Gesetzes (ECG) und des Unternehmensgesetzbuches (UGB), sowie Offenlegungspflicht gem\u00e4\u00df Mediengesetz<\/h3>\nMarianne Lindlbauer<br \/>\nIm Gew\u00f6lbe<br \/>\nBr\u00e4uergasse 3<br \/>\n4470 Enns<br \/>\n0650\/93 74 360<br \/>\nhilfe@marieanne.at\nInhaberin: Marianne Lindlbauer<br \/>\nGerichtsstandort: Steyr<br \/>\nBeh\u00f6rde gem\u00e4\u00df ECG: Bezirkshauptmannschaft Linz-Land<br \/>\nMitglied der Wirtschaftskammer Ober\u00f6sterreich\u2028 in der Fachgruppe Pers\u00f6nliche Dienstleiter \/ Humanenergetiker\n<p><a href=\"https:\/\/firmen.wko.at\/Web\/DetailsKontakt.aspx?FirmaID=e9f8e2d4-cdd5-4b48-9881-25647d459318&amp;StandortID=0&amp;Suchbegriff=marianne+lindlbauer&amp;Page=1\" target=\"_blank\" rel=\"noopener noreferrer\">Informationspflicht lt. ECG und Mediengesetz<\/a><\/p>\n<em>Bildnachweis<\/em><br \/>\nFotos: <a href=\"http:\/\/www.uschiwolf.at\" target=\"_blank\" rel=\"noopener noreferrer\">www.uschiwolf.at<\/a>\n<em>Design &amp; Programmierung<\/em><br \/>\n<a href=\"http:\/\/www.fraukati.at\" target=\"_blank\" rel=\"noopener noreferrer\">www.fraukati.at<\/a>\n<strong>Nutzungsbedingungen<\/strong><br \/>\nDie Inhalte dieser Website sind frei nutzbar und dienen ausschlie\u00dflich der Information. Es kommen durch die Nutzung der Auswahlm\u00f6glichkeiten der Website keinerlei Rechtsgesch\u00e4fte zwischen der Eigent\u00fcmerin und den Nutzern zustande. Die weitere Vorgangsweise zwischen Anbietern und Nutzern und der m\u00f6gliche sp\u00e4tere Abschluss von Auftr\u00e4gen zwischen Anbietern und Nutzern liegen im ausschlie\u00dflichen Ermessen der Nutzer.<br \/>\nDie Europ\u00e4ische Kommission stellt eine Plattform zur Online-Streitbeilegung (OS) bereit, die Sie hier finden\u00a0https:\/\/ec.europa.eu\/consumers\/odr\/. Verbraucher haben die M\u00f6glichkeit, diese Plattform f\u00fcr die Beilegung ihrer Streitigkeiten zu nutzen.\n<strong>Copyright \/ Haftungsausschluss<\/strong><br \/>\nIm Hinblick auf die technischen Eigenschaften des Internet kann keine Gew\u00e4hr f\u00fcr die Authentizit\u00e4t, Richtigkeit und Vollst\u00e4ndigkeit der im Internet zur Verf\u00fcgung gestellten Informationen \u00fcbernommen werden. Es wird auch keine Gew\u00e4hr f\u00fcr die Verf\u00fcgbarkeit oder den Betrieb der gegenst\u00e4ndlichen Homepage und ihrer Inhalte \u00fcbernommen.<br \/>\nJede Haftung f\u00fcr unmittelbare, mittelbare oder sonstige Sch\u00e4den, unabh\u00e4ngig von deren Ursachen, die aus der Benutzung oder Nichtverf\u00fcgbarkeit der Daten und Informationen dieser Homepage erwachsen, wird \u2013 soweit rechtlich zul\u00e4ssig \u2013 ausgeschlossen.<br \/>\nDer Inhalt dieser Homepage ist urheberrechtlich gesch\u00fctzt. Die Informationen sind nur f\u00fcr die pers\u00f6nliche Verwendung bestimmt. Jede weitergehende Nutzung, insbesondere die Speicherung in Datenbanken, Vervielf\u00e4ltigung und jede Form von gewerblicher Nutzung sowie die Weitergabe an Dritte \u2013 auch in Teilen oder in \u00fcberarbeiteter Form \u2013 ohne Zustimmung des Website- bzw. Rechte-Inhabers, ist untersagt.<br \/>\nHyperlinks auf diese Website sind willkommen, solange der Ursprung der Inhalte klar erkennbar und damit eine allf\u00e4llige Irref\u00fchrung von Benutzern ausgeschlossen ist. Jede Einbindung einzelner Seiten unseres Angebots in fremde Frames ist zu unterlassen, ebenso die Zurverf\u00fcgungstellung unseres RSS-Feeds auf fremden Seiten.\n<strong>Haftung f\u00fcr Links<\/strong><br \/>\nDiese Website enth\u00e4lt Links zu externen Webseiten Dritter, auf deren Inhalte der Betreiber dieser Website keinen Einfluss hat. Deshalb kann f\u00fcr diese fremden Inhalte auch keine Gew\u00e4hr \u00fcbernommen werden. F\u00fcr die Inhalte der verlinkten Seiten ist stets der jeweilige Anbieter oder Seitenbetreiber verantwortlich. Die verlinkten Seiten wurden zum Zeitpunkt der Verlinkung auf m\u00f6gliche Rechtsverst\u00f6\u00dfe \u00fcberpr\u00fcft. Rechtswidrige Inhalte waren zum Zeitpunkt der Verlinkung nicht erkennbar. Eine permanente inhaltliche Kontrolle der verlinkten Seiten ist jedoch ohne konkrete Anhaltspunkte einer Rechtsverletzung nicht zumutbar. Bei Bekanntwerden von Rechtsverletzungen werden wir derartige Links umgehend entfernen.\n","protected":false},"excerpt":{"rendered":"<p>Impressum Informationspflichten des E-Commerce-Gesetzes (ECG) und des Unternehmensgesetzbuches (UGB), sowie Offenlegungspflicht gem\u00e4\u00df Mediengesetz Marianne Lindlbauer Im Gew\u00f6lbe Br\u00e4uergasse 3 4470 Enns 0650\/93 74 360 hilfe@marieanne.at Inhaberin: Marianne Lindlbauer Gerichtsstandort: Steyr Beh\u00f6rde gem\u00e4\u00df ECG: Bezirkshauptmannschaft Linz-Land Mitglied der Wirtschaftskammer Ober\u00f6sterreich\u2028 in der Fachgruppe Pers\u00f6nliche Dienstleiter \/ Humanenergetiker Informationspflicht lt. ECG und Mediengesetz Bildnachweis Fotos: www.uschiwolf.at Design&hellip;<\/p>\n","protected":false},"author":1,"featured_media":0,"parent":0,"menu_order":0,"comment_status":"closed","ping_status":"closed","template":"","meta":{"footnotes":""},"class_list":["post-3","page","type-page","status-publish","hentry"],"_links":{"self":[{"href":"https:\/\/www.marieanne.at\/wordpress\/wp-json\/wp\/v2\/pages\/3","targetHints":{"allow":["GET"]}}],"collection":[{"href":"https:\/\/www.marieanne.at\/wordpress\/wp-json\/wp\/v2\/pages"}],"about":[{"href":"https:\/\/www.marieanne.at\/wordpress\/wp-json\/wp\/v2\/types\/page"}],"author":[{"embeddable":true,"href":"https:\/\/www.marieanne.at\/wordpress\/wp-json\/wp\/v2\/users\/1"}],"replies":[{"embeddable":true,"href":"https:\/\/www.marieanne.at\/wordpress\/wp-json\/wp\/v2\/comments?post=3"}],"version-history":[{"count":7,"href":"https:\/\/www.marieanne.at\/wordpress\/wp-json\/wp\/v2\/pages\/3\/revisions"}],"predecessor-version":[{"id":277,"href":"https:\/\/www.marieanne.at\/wordpress\/wp-json\/wp\/v2\/pages\/3\/revisions\/277"}],"wp:attachment":[{"href":"https:\/\/www.marieanne.at\/wordpress\/wp-json\/wp\/v2\/media?parent=3"}],"curies":[{"name":"wp","href":"https:\/\/api.w.org\/{rel}","templated":true}]}}